{"id":152,"date":"2010-12-29T19:12:29","date_gmt":"2010-12-29T19:12:29","guid":{"rendered":"http:\/\/www.graffoderma.fr\/v2\/?page_id=152"},"modified":"2018-01-17T13:51:55","modified_gmt":"2018-01-17T13:51:55","slug":"soins","status":"publish","type":"page","link":"https:\/\/www.graffoderma.com\/?page_id=152","title":{"rendered":"Soins"},"content":{"rendered":"<p style=\"text-align: left;\"><strong>IMPORTANT !<\/strong> : Tous les soins que vous devrez apporter \u00e0 votre tatouage doivent \u00eatre effectu\u00e9s avec les mains propres.<br \/>\nLavez votre tatouage \u00e0 l\u2019eau ti\u00e8de, \u00e0 l\u2019aide d\u2019un savon doux. Une fois bien propre, s\u00e9chez le avec un papier doux (ex : essuie-tout, sopalin, kleenex \u2026etc\u2026).<\/p>\n<p style=\"text-align: left;\">Appliquez ensuite, sans faire p\u00e9n\u00e9trer, une fine couche de pommade dermatologique conseill\u00e9e (Bepanthen, hom\u00e9oplasmine, bact\u00e9omycine, fucidine, etc\u2026).<br \/>\n<strong>Attention ! Surtout ne jamais utiliser la cr\u00e8me BIAFINE.<\/strong><\/p>\n<p style=\"text-align: left;\">R\u00e9p\u00e9tez l\u2019op\u00e9ration trois \u00e0 quatre fois par jour ; Cela permettra de garder la souplesse des \u00e9ventuelles cro\u00fbtes et des peaux mortes.<\/p>\n<p style=\"text-align: left;\"><strong>IMPORTANT ! <\/strong>: Continuez les soins avec la m\u00eame pommade jusqu\u2019\u00e0 la totale gu\u00e9rison (6 \u00e0 10 jours). Pommade pr\u00e9conis\u00e9e : BEPANTHEN.<\/p>\n<p style=\"text-align: left;\">Ne pas mettre de pansement (sauf si vous \u00e9voluez dans des milieux, dits \u00ab sales \u00bb, o\u00f9 il y a des risques de contact entre de la poussi\u00e8re et votre tatouage). Utilisez, de pr\u00e9f\u00e9rence, du film \u00e9tirable (cellophane) comme pansement, celui-ci est plus adapt\u00e9 \u00e0 la cicatrisation de votre tatouage. Il est recommand\u00e9 de ne pas garder un pansement plus de 5 heures.<br \/>\n<strong>IMPORTANT !<\/strong> : Appliquez toujours une couche de pommade avant.<\/p>\n<p style=\"text-align: left;\">Portez des v\u00eatements propres et de pr\u00e9f\u00e9rence en coton. Evitez les habits trop serr\u00e9s afin que votre peau respire, ce qui facilitera la gu\u00e9rison.<br \/>\nG\u00e9n\u00e9ralement durant la nuit, il se peut que votre peau rejette le surplus d\u2019encre durant les 3 jours suivants.<br \/>\nFaites donc attention \u00e0 vos draps et vos v\u00eatements car l\u2019encre est tr\u00e8s difficile \u00e0 laver.<\/p>\n<p style=\"text-align: left;\"><strong>N\u2019exposez pas votre tatouage au soleil durant le 1er mois et \u00e9vitez les bains chauds prolong\u00e9s.<\/strong><\/p>\n<p style=\"text-align: left;\">Un tatouage qui vient d\u2019\u00eatre effectu\u00e9 est comparable \u00e0 une plaie que vous pouvez vous faire en tombant en v\u00e9lo par exemple. Le but est donc de ne pas ramollir les cro\u00fbtes, de ne pas trop hydrater la peau, tout en \u00e9vitant que votre tatouage ne devienne trop sec, trop rugueux.<\/p>\n<p style=\"text-align: left;\"><strong>Si il y a des d\u00e9mangeaisons, ne surtout pas gratter.<\/strong><\/p>\n<p style=\"text-align: left;\">La premi\u00e8re cicatrisation prend fin au bout d\u2019une semaine environ.<br \/>\nCela d\u00e9pend du m\u00e9tabolisme de chacun. Cependant la gu\u00e9rison finale qui donnera la qualit\u00e9 d\u00e9finitive de votre tatouage ne sera qu\u2019\u00e0 partir du 4\u00e8me, 6\u00e8me mois. Faites du bien \u00e0 votre tatouage et, par la m\u00eame occasion, \u00e0 votre peau en appliquant r\u00e9guli\u00e8rement une cr\u00e8me hydratante (Nivea, Dove, Mixa b\u00e9b\u00e9, etc\u2026) entre la 2\u00e8me semaine et le 4\u00e8me mois pr\u00e9c\u00e9dant la s\u00e9ance de tatouage.<\/p>\n<p style=\"text-align: left;\">Vous \u00eates enti\u00e8rement responsable de la n\u00e9gligence que vous pourriez apporter aux soins de votre tatouage.<br \/>\nTous les conseils donn\u00e9s sont d\u00e9terminants pour la bonne cicatrisation de celui-ci ; en les suivant vous n\u2019aurez aucun probl\u00e8me.<!-- \/* 15pJQhrPh3XJCUOiaQCa62html *\/ --><!-- NEeBJfGYp5 --><!-- \/* 1uqjsQSyWVhmOHAEVa1i62html *\/ --><\/p>\n","protected":false},"excerpt":{"rendered":"<p>IMPORTANT ! : Tous les soins que vous devrez apporter \u00e0 votre tatouage doivent \u00eatre effectu\u00e9s avec les mains propres. Lavez votre tatouage \u00e0 l\u2019eau ti\u00e8de, \u00e0 l\u2019aide d\u2019un savon doux. Une fois bien propre, s\u00e9chez le avec un papier doux (ex : essuie-tout, sopalin,\u2026<\/p>\n","protected":false},"author":1,"featured_media":0,"parent":0,"menu_order":0,"comment_status":"closed","ping_status":"closed","template":"","meta":{"_monsterinsights_skip_tracking":false,"_monsterinsights_sitenote_active":false,"_monsterinsights_sitenote_note":"","_monsterinsights_sitenote_category":0},"_links":{"self":[{"href":"https:\/\/www.graffoderma.com\/index.php?rest_route=\/wp\/v2\/pages\/152"}],"collection":[{"href":"https:\/\/www.graffoderma.com\/index.php?rest_route=\/wp\/v2\/pages"}],"about":[{"href":"https:\/\/www.graffoderma.com\/index.php?rest_route=\/wp\/v2\/types\/page"}],"author":[{"embeddable":true,"href":"https:\/\/www.graffoderma.com\/index.php?rest_route=\/wp\/v2\/users\/1"}],"replies":[{"embeddable":true,"href":"https:\/\/www.graffoderma.com\/index.php?rest_route=%2Fwp%2Fv2%2Fcomments&post=152"}],"version-history":[{"count":21,"href":"https:\/\/www.graffoderma.com\/index.php?rest_route=\/wp\/v2\/pages\/152\/revisions"}],"predecessor-version":[{"id":2402,"href":"https:\/\/www.graffoderma.com\/index.php?rest_route=\/wp\/v2\/pages\/152\/revisions\/2402"}],"wp:attachment":[{"href":"https:\/\/www.graffoderma.com\/index.php?rest_route=%2Fwp%2Fv2%2Fmedia&parent=152"}],"curies":[{"name":"wp","href":"https:\/\/api.w.org\/{rel}","templated":true}]}}