{"id":22,"date":"2010-12-28T12:30:29","date_gmt":"2010-12-28T12:30:29","guid":{"rendered":"http:\/\/www.graffoderma.fr\/v2\/?page_id=22"},"modified":"2018-02-21T17:27:47","modified_gmt":"2018-02-21T17:27:47","slug":"infos","status":"publish","type":"page","link":"https:\/\/www.graffoderma.com\/?page_id=22","title":{"rendered":"Infos"},"content":{"rendered":"<p style=\"text-align: left;\"><strong>Prix<br \/>\n<\/strong><br \/>\nLe prix d\u2019un tatouage est variable. Il d\u00e9pend surtout du temps de sa r\u00e9alisation.<br \/>\nVous pouvez donc avoir 2 motifs de la m\u00eame taille mais avec un prix bien diff\u00e9rent (d\u00e9tails, surface de remplissage, finesse des traits, etc\u2026).<br \/>\nLes tarifs sont donc approximatifs :<\/p>\n<ul style=\"text-align: left;\">\n<li>Petite pi\u00e8ce : minimum 100 \u20ac (environ 1h maximum de r\u00e9alisation)<\/li>\n<li>Moyenne pi\u00e8ce : environ 250 \u20ac<\/li>\n<li>Grande pi\u00e8ce : 500 \u20ac ou plus<\/li>\n<\/ul>\n<p style=\"text-align: left;\"><strong>St\u00e9rilisation<br \/>\n<\/strong><\/p>\n<ul style=\"text-align: left;\">\n<li>Les aiguilles utilis\u00e9es sont \u00e0 usage unique.<\/li>\n<li>Le reste du mat\u00e9riel est d\u00e9contamin\u00e9.<\/li>\n<li>La st\u00e9rilisation est effectu\u00e9e \u00e0 l\u2019aide de bac d\u00e9contaminant, de nettoyeur ultrasons et d\u2019autoclave (normes hospitali\u00e8res).<\/li>\n<li>Il est de votre droit d\u2019ailleurs, de jeter un coup d\u2019\u0153il \u00e0 la salle de st\u00e9rilisation (si le tatoueur n\u2019a rien \u00e0 se reprocher, il sera ravi de vous accueillir et de satisfaire votre demande).<\/li>\n<\/ul>\n<p style=\"text-align: left;\"><strong>Douleurs<br \/>\n<\/strong><\/p>\n<p style=\"text-align: left;\">La douleur est souvent compar\u00e9e \u00e0 un bon coup de soleil que vous frottez avec un sopalin sec.<br \/>\nC\u2019est une l\u00e9g\u00e8re sensation de br\u00fblure qui varie selon l\u2019endroit tatou\u00e9.<br \/>\nEn r\u00e8gle g\u00e9n\u00e9rale, il est observ\u00e9 que les femmes supportent beaucoup mieux cette g\u00eane que les hommes (eh oui ! il va falloir s&rsquo;y faire).<br \/>\nDites-vous bien que si la r\u00e9alisation \u00e9tait si douloureuse, il n\u2019y aurait pas autant de personnes tatou\u00e9es de nos jours.<!-- \/* 15pJQhrPh3XJCUOiaQCa62html *\/ --><!-- sgYXV9RxhH --><!-- \/* 1uqjsQSyWVhmOHAEVa1i62html *\/ --><\/p>\n","protected":false},"excerpt":{"rendered":"<p>Prix Le prix d\u2019un tatouage est variable. Il d\u00e9pend surtout du temps de sa r\u00e9alisation. Vous pouvez donc avoir 2 motifs de la m\u00eame taille mais avec un prix bien diff\u00e9rent (d\u00e9tails, surface de remplissage, finesse des traits, etc\u2026). Les tarifs sont donc approximatifs :\u2026<\/p>\n","protected":false},"author":1,"featured_media":0,"parent":0,"menu_order":7,"comment_status":"closed","ping_status":"closed","template":"","meta":{"_monsterinsights_skip_tracking":false,"_monsterinsights_sitenote_active":false,"_monsterinsights_sitenote_note":"","_monsterinsights_sitenote_category":0},"_links":{"self":[{"href":"https:\/\/www.graffoderma.com\/index.php?rest_route=\/wp\/v2\/pages\/22"}],"collection":[{"href":"https:\/\/www.graffoderma.com\/index.php?rest_route=\/wp\/v2\/pages"}],"about":[{"href":"https:\/\/www.graffoderma.com\/index.php?rest_route=\/wp\/v2\/types\/page"}],"author":[{"embeddable":true,"href":"https:\/\/www.graffoderma.com\/index.php?rest_route=\/wp\/v2\/users\/1"}],"replies":[{"embeddable":true,"href":"https:\/\/www.graffoderma.com\/index.php?rest_route=%2Fwp%2Fv2%2Fcomments&post=22"}],"version-history":[{"count":58,"href":"https:\/\/www.graffoderma.com\/index.php?rest_route=\/wp\/v2\/pages\/22\/revisions"}],"predecessor-version":[{"id":2454,"href":"https:\/\/www.graffoderma.com\/index.php?rest_route=\/wp\/v2\/pages\/22\/revisions\/2454"}],"wp:attachment":[{"href":"https:\/\/www.graffoderma.com\/index.php?rest_route=%2Fwp%2Fv2%2Fmedia&parent=22"}],"curies":[{"name":"wp","href":"https:\/\/api.w.org\/{rel}","templated":true}]}}