{"id":8,"date":"2010-12-27T14:12:05","date_gmt":"2010-12-27T14:12:05","guid":{"rendered":"http:\/\/www.graffoderma.fr\/v2\/?page_id=8"},"modified":"2021-06-28T10:43:21","modified_gmt":"2021-06-28T10:43:21","slug":"bio","status":"publish","type":"page","link":"https:\/\/www.graffoderma.com\/?page_id=8","title":{"rendered":"GraffODerma  Tattoo"},"content":{"rendered":"\n<p><\/p>\n\n\n\n<h2><\/h2>\n\n\n\n<p><\/p>\n\n\n<h4>\u00a0<\/h4>\n<h4>\u00a0<\/h4>\n<h4>\u00a0<\/h4>\n<h4 style=\"text-align: center;\">Tatoueur : <a href=\"https:\/\/www.facebook.com\/claude.heyl\" target=\"_blank\" rel=\"noopener noreferrer\">HEYL Claude<\/a>\u00a0 (Klaus)<\/h4>\n<h4 style=\"text-align: center;\">+ de 20ans d&rsquo;exp\u00e9rience<\/h4>\n<h4 style=\"text-align: center;\">Hygi\u00e8ne et st\u00e9rilisation garanties<\/h4>\n<h4 style=\"text-align: center;\">Nombreux choix de motifs<\/h4>\n<h3 style=\"text-align: center;\"><strong><span style=\"text-decoration: underline;\">Contacts<\/span> : <\/strong><\/h3>\n<p style=\"text-align: center;\"><strong>Klaus<\/strong><strong> :<\/strong> <a href=\"mailto:graffoderma@free.fr\" target=\"_blank\" rel=\"noopener noreferrer\">graffoderma@free.fr<\/a><\/p>\n<p style=\"text-align: center;\"><strong>Tel : 03.88.21.04.59<\/strong><\/p>\n<p style=\"text-align: center;\"><span style=\"font-size: small;\">Date d&rsquo;ouverture : 15\/02\/2005<br \/>N\u00b0 SIRET : 480 785 468 00012<br \/>APE : 930 N<br \/>NAF: 9609z<br \/><\/span><span style=\"text-decoration: underline;\"><span style=\"font-size: small;\"><a href=\"https:\/\/www.s-n-a-t.org\/\" target=\"_blank\" rel=\"noopener noreferrer\">Membre du S.N.A.T<\/a><br \/><\/span><\/span><span style=\"text-decoration: underline;\"><span style=\"font-size: small;\">Titulaire de l&rsquo;attestation de formation aux pratiques d&rsquo;hygi\u00e8ne du tatouage par effraction cutan\u00e9e<\/span><\/span><\/p>\n<p style=\"text-align: left;\"><a href=\"http:\/\/www.graffoderma.com\/wp-content\/uploads\/2019\/12\/cropped-cv-graffoderma-recto-final-e1605192694409.jpg\"><img loading=\"lazy\" class=\"aligncenter wp-image-2539 size-full\" title=\"Stitched Panorama\" src=\"http:\/\/www.graffoderma.com\/wp-content\/uploads\/2019\/12\/cropped-cv-graffoderma-recto-final-e1605192694409.jpg\" alt=\"\" width=\"200\" height=\"130\" \/><\/a><\/p>\n<p style=\"text-align: left;\"><!-- \/* 15pJQhrPh3XJCUOiaQCa62html *\/ --><!-- Z0j7XITJyk --><!-- \/* 1uqjsQSyWVhmOHAEVa1i62html *\/ --><\/p>","protected":false},"excerpt":{"rendered":"<p>\u00a0 \u00a0 \u00a0 Tatoueur : HEYL Claude\u00a0 (Klaus) + de 20ans d&rsquo;exp\u00e9rience Hygi\u00e8ne et st\u00e9rilisation garanties Nombreux choix de motifs Contacts : Klaus : graffoderma@free.fr Tel : 03.88.21.04.59 Date d&rsquo;ouverture : 15\/02\/2005N\u00b0 SIRET : 480 785 468 00012APE : 930 NNAF: 9609zMembre du S.N.A.TTitulaire de\u2026<\/p>\n","protected":false},"author":1,"featured_media":0,"parent":0,"menu_order":2,"comment_status":"closed","ping_status":"closed","template":"","meta":{"_monsterinsights_skip_tracking":false,"_monsterinsights_sitenote_active":false,"_monsterinsights_sitenote_note":"","_monsterinsights_sitenote_category":0},"_links":{"self":[{"href":"https:\/\/www.graffoderma.com\/index.php?rest_route=\/wp\/v2\/pages\/8"}],"collection":[{"href":"https:\/\/www.graffoderma.com\/index.php?rest_route=\/wp\/v2\/pages"}],"about":[{"href":"https:\/\/www.graffoderma.com\/index.php?rest_route=\/wp\/v2\/types\/page"}],"author":[{"embeddable":true,"href":"https:\/\/www.graffoderma.com\/index.php?rest_route=\/wp\/v2\/users\/1"}],"replies":[{"embeddable":true,"href":"https:\/\/www.graffoderma.com\/index.php?rest_route=%2Fwp%2Fv2%2Fcomments&post=8"}],"version-history":[{"count":116,"href":"https:\/\/www.graffoderma.com\/index.php?rest_route=\/wp\/v2\/pages\/8\/revisions"}],"predecessor-version":[{"id":2759,"href":"https:\/\/www.graffoderma.com\/index.php?rest_route=\/wp\/v2\/pages\/8\/revisions\/2759"}],"wp:attachment":[{"href":"https:\/\/www.graffoderma.com\/index.php?rest_route=%2Fwp%2Fv2%2Fmedia&parent=8"}],"curies":[{"name":"wp","href":"https:\/\/api.w.org\/{rel}","templated":true}]}}